{"id":116,"date":"2016-02-16T15:05:20","date_gmt":"2016-02-16T15:05:20","guid":{"rendered":"http:\/\/demo.athemes.com\/astrid\/?page_id=116"},"modified":"2017-11-13T10:02:19","modified_gmt":"2017-11-13T09:02:19","slug":"service-6","status":"publish","type":"page","link":"https:\/\/cubistik.com\/?page_id=116","title":{"rendered":"Green IT"},"content":{"rendered":"<p>\u00c9cologique et efficacit\u00e9 \u00e9nerg\u00e9tique : PUE 1.02 &lt;-&gt; 1.25<\/p>\n","protected":false},"excerpt":{"rendered":"<p>\u00c9cologique et efficacit\u00e9 \u00e9nerg\u00e9tique : PUE 1.02 &lt;-&gt; 1.25<\/p>\n","protected":false},"author":1,"featured_media":303,"parent":0,"menu_order":0,"comment_status":"closed","ping_status":"closed","template":"page-templates\/single-service.php","meta":{"footnotes":""},"class_list":["post-116","page","type-page","status-publish","has-post-thumbnail","hentry","clearfix"],"_links":{"self":[{"href":"https:\/\/cubistik.com\/index.php?rest_route=\/wp\/v2\/pages\/116","targetHints":{"allow":["GET"]}}],"collection":[{"href":"https:\/\/cubistik.com\/index.php?rest_route=\/wp\/v2\/pages"}],"about":[{"href":"https:\/\/cubistik.com\/index.php?rest_route=\/wp\/v2\/types\/page"}],"author":[{"embeddable":true,"href":"https:\/\/cubistik.com\/index.php?rest_route=\/wp\/v2\/users\/1"}],"replies":[{"embeddable":true,"href":"https:\/\/cubistik.com\/index.php?rest_route=%2Fwp%2Fv2%2Fcomments&post=116"}],"version-history":[{"count":2,"href":"https:\/\/cubistik.com\/index.php?rest_route=\/wp\/v2\/pages\/116\/revisions"}],"predecessor-version":[{"id":319,"href":"https:\/\/cubistik.com\/index.php?rest_route=\/wp\/v2\/pages\/116\/revisions\/319"}],"wp:featuredmedia":[{"embeddable":true,"href":"https:\/\/cubistik.com\/index.php?rest_route=\/wp\/v2\/media\/303"}],"wp:attachment":[{"href":"https:\/\/cubistik.com\/index.php?rest_route=%2Fwp%2Fv2%2Fmedia&parent=116"}],"curies":[{"name":"wp","href":"https:\/\/api.w.org\/{rel}","templated":true}]}}