{"id":279,"date":"2017-11-09T19:44:19","date_gmt":"2017-11-09T18:44:19","guid":{"rendered":"http:\/\/cubistik.com\/?page_id=279"},"modified":"2017-11-13T10:04:50","modified_gmt":"2017-11-13T09:04:50","slug":"deploiement-rapide","status":"publish","type":"page","link":"https:\/\/cubistik.com\/?page_id=279","title":{"rendered":"Economie"},"content":{"rendered":"<p>R\u00e9duction des co\u00fbts : TCO , refroidissement, espace occup\u00e9 et gestion<\/p>\n","protected":false},"excerpt":{"rendered":"<p>R\u00e9duction des co\u00fbts : TCO , refroidissement, espace occup\u00e9 et gestion<\/p>\n","protected":false},"author":1,"featured_media":307,"parent":0,"menu_order":0,"comment_status":"closed","ping_status":"closed","template":"page-templates\/single-service.php","meta":{"footnotes":""},"class_list":["post-279","page","type-page","status-publish","has-post-thumbnail","hentry","clearfix"],"_links":{"self":[{"href":"https:\/\/cubistik.com\/index.php?rest_route=\/wp\/v2\/pages\/279","targetHints":{"allow":["GET"]}}],"collection":[{"href":"https:\/\/cubistik.com\/index.php?rest_route=\/wp\/v2\/pages"}],"about":[{"href":"https:\/\/cubistik.com\/index.php?rest_route=\/wp\/v2\/types\/page"}],"author":[{"embeddable":true,"href":"https:\/\/cubistik.com\/index.php?rest_route=\/wp\/v2\/users\/1"}],"replies":[{"embeddable":true,"href":"https:\/\/cubistik.com\/index.php?rest_route=%2Fwp%2Fv2%2Fcomments&post=279"}],"version-history":[{"count":4,"href":"https:\/\/cubistik.com\/index.php?rest_route=\/wp\/v2\/pages\/279\/revisions"}],"predecessor-version":[{"id":322,"href":"https:\/\/cubistik.com\/index.php?rest_route=\/wp\/v2\/pages\/279\/revisions\/322"}],"wp:featuredmedia":[{"embeddable":true,"href":"https:\/\/cubistik.com\/index.php?rest_route=\/wp\/v2\/media\/307"}],"wp:attachment":[{"href":"https:\/\/cubistik.com\/index.php?rest_route=%2Fwp%2Fv2%2Fmedia&parent=279"}],"curies":[{"name":"wp","href":"https:\/\/api.w.org\/{rel}","templated":true}]}}